{"id":727,"date":"2025-09-15T08:46:20","date_gmt":"2025-09-15T08:46:20","guid":{"rendered":"https:\/\/gtrans.hst.dataroom.cz\/?page_id=727"},"modified":"2025-12-08T14:06:50","modified_gmt":"2025-12-08T14:06:50","slug":"vize-spolecnosti","status":"publish","type":"page","link":"https:\/\/www.godtrans.cz\/de\/unsere-vision\/","title":{"rendered":"Unsere Vision"},"content":{"rendered":"<div data-elementor-type=\"wp-page\" data-elementor-id=\"727\" class=\"elementor elementor-727\">\n\t\t\t\t<div class=\"elementor-element elementor-element-7d4f761 pt-110 pb-70 p-tb-tablet-40 e-flex e-con-boxed cms-econ-no-space-no e-con e-parent\" data-id=\"7d4f761\" data-element_type=\"container\" data-e-type=\"container\">\r\n\t\t\t\t\t<div class=\"e-con-inner\">\r\n\t\t<div class=\"cms-patterns absolute center-right z-top rtl-flip\"><div class=\"cms-moving cms-moving-2 cms-moving-grey\" data-parallax=\"{\"y\":\"200\"}\">\n                <svg class=\"cms-moving-stroke cms-moving-stroke-1\" xmlns=\"http:\/\/www.w3.org\/2000\/svg\"><path fill-rule=\"evenodd\"  stroke-width=\"1px\" stroke=\"rgb(255, 255, 255)\" fill-opacity=\"0.129\" fill=\"rgb(3, 15, 57)\" d=\"M3.500,119.383 L156.450,4.047 L156.450,130.111 L3.500,245.450 L3.500,119.383 Z\"\/><\/svg>\n                <svg class=\"cms-moving-stroke cms-moving-stroke-2\" xmlns=\"http:\/\/www.w3.org\/2000\/svg\"><path fill-rule=\"evenodd\"  stroke-width=\"1px\" stroke=\"rgb(255, 255, 255)\" fill-opacity=\"0.102\" fill=\"rgb(3, 15, 57)\" d=\"M6.211,322.941 L434.952,4.075 L432.654,355.649 L3.912,674.515 L6.211,322.941 Z\"\/><\/svg>\n            <\/div><\/div><div class=\"elementor-element elementor-element-3850a02 e-con-full e-flex cms-econ-no-space-no elementor-invisible e-con e-child\" data-id=\"3850a02\" data-element_type=\"container\" data-e-type=\"container\" data-settings=\"{&quot;animation&quot;:&quot;fadeInLeft&quot;}\">\r\n\t\t\t\t<div class=\"elementor-element elementor-element-4429da0 cms-sticky elementor-widget elementor-widget-cms_video_player\" data-id=\"4429da0\" data-element_type=\"widget\" data-e-type=\"widget\" data-settings=\"{&quot;video_link&quot;:&quot;\\\/VIDEO\\\/Godtrans.mp4&quot;}\" data-widget_type=\"cms_video_player.default\">\n\t\t\t\t<div class=\"elementor-widget-container\">\n\t\t\t\t\t<div class=\"cms-evideo cms-evideo-5 relative pb-80 pr-110 pr-tablet-40\">\n<div class=\"absolute bottom-right mb-40 pt-40 pl-40 bg-white\"><img loading=\"lazy\" decoding=\"async\" width=\"255\" height=\"293\" src=\"https:\/\/www.godtrans.cz\/wp-content\/uploads\/elementor\/thumbs\/slider-9-rb7myw9vn26cr3mcmfmckb9eiurslgagqjjynyible.webp\" alt=\"slider-9\" class=\"cms-lazy lazy-loading\" data-settings='{\"_animation\":\"cms-roll-out\"}' \/><\/div><img loading=\"lazy\" decoding=\"async\" width=\"510\" height=\"585\" src=\"https:\/\/www.godtrans.cz\/wp-content\/uploads\/elementor\/thumbs\/banner-video2-rb7myw9yqw3gxjucvt51icdbwsjejt4aat35aq8s4a.webp\" alt=\"banner-video2\" class=\"cms-lazy lazy-loading img-cover\" style=\"max-height:585px;min-height:585px\" data-settings='{\"_animation\":\"cms-roll-out\"}' \/>            <div class=\"cms-btn-video layout-circle-text absolute bottom-left ml-n80 ml-tablet-extra-n20 cms-transition\" data-elementor-open-lightbox=\"yes\" data-elementor-lightbox=\"{&quot;type&quot;:&quot;video&quot;,&quot;videoType&quot;:&quot;hosted&quot;,&quot;url&quot;:&quot;https:\\\/\\\/www.godtrans.cz\\\/VIDEO\\\/Godtrans.mp4&quot;,&quot;modalOptions&quot;:{&quot;id&quot;:&quot;cms-lightbox-&quot;,&quot;entranceAnimation&quot;:&quot;&quot;,&quot;entranceAnimation_tablet&quot;:&quot;&quot;,&quot;entranceAnimation_mobile&quot;:&quot;&quot;,&quot;videoAspectRatio&quot;:169}}\">\n                <div class=\"cms-btn--video text-hover-accent text-primary-darken\">\n                                        <div class=\"cms-btn-video-content\">\n                                <span class=\"cms-eicon text-14 lh-0 cms-play-icon cms-icon cms-transition absolute center z-top\" style=\"--svg-size:14px\" ><svg version=\"1.1\" xmlns=\"http:\/\/www.w3.org\/2000\/svg\"  viewbox=\"0 0 28 32\">\n<path d=\"M26.525 13.419l-22-13.006c-1.788-1.056-4.525-0.031-4.525 2.581v26.006c0 2.344 2.544 3.756 4.525 2.581l22-13c1.962-1.156 1.969-4.006 0-5.162z\"><\/path>\n<\/svg>\n<\/span>   \n            <div class=\"cms-circle-text circle relative bg-white text-primary-darken cms-shadow-1 font-700 p-15 text-hover-accent cms-transition\" style=\"width:160px; height: 160px; font-size:30px\">\n                <svg xmlns=\"http:\/\/www.w3.org\/2000\/svg\" viewbox=\"0 0 300 300\" xml:space=\"preserve\" class=\"cms-spin ls-8\">\n            <defs>\n                <path id=\"cms-criclePath\" d=\"M 150, 150 m -120, 0 a 120,120 0 0,1 240,0 a 120,120 0 0,1 -240,0\"\/>\n            <\/defs>\n            <circle cx=\"150\" cy=\"150\" r=\"150\" fill=\"white\"\/>\n            <g>\n                <use xlink:href=\"#cms-criclePath\" fill=\"none\"\/>\n                <text>\n                    <textpath xlink:href=\"#cms-criclePath\">Spolehlivost Jistota Tradice<\/textpath>\n                <\/text>\n            <\/g>\n        <\/svg>\n            <\/div>\n                        <\/div>\n                                    <\/div>\n            <\/div>\n        <\/div>\t\t\t\t<\/div>\n\t\t\t\t<\/div>\n\t\t\t\t<\/div>\r\n\t\t<div class=\"elementor-element elementor-element-070882f e-con-full e-flex cms-econ-no-space-no elementor-invisible e-con e-child\" data-id=\"070882f\" data-element_type=\"container\" data-e-type=\"container\" data-settings=\"{&quot;animation&quot;:&quot;fadeInRight&quot;}\">\r\n\t\t\t\t<div class=\"elementor-element elementor-element-4371d80 elementor-widget elementor-widget-cms_heading\" data-id=\"4371d80\" data-element_type=\"widget\" data-e-type=\"widget\" data-widget_type=\"cms_heading.default\">\n\t\t\t\t<div class=\"elementor-widget-container\">\n\t\t\t\t\t<div class=\"cms-eheading cms-eheading-8 text-start relative hover-icon-bounce\">\n\t<div class=\"cms-smallheading text-accent pb-15 mt-n7 text-16 font-700 empty-none\">Spezialisten f\u00fcr Transporte in der Tschechischen Republik und internationale Logistik weltweit.<\/div>\n\t<h2 class=\"cms-heading empty-none text-heading mt-n8 lh-1375\">Wir bieten zuverl\u00e4ssige Speditionsdienstleistungen f\u00fcr Europa und \u00dcbersee-Lieferungen aus einer Hand.<\/h2>\n\t<div class=\"d-flex pt-50 gap-40\">\n\t\t        <div class=\"cms-eicon text-70 text-accent text-hover-accent lh-0 flex-auto\" style=\"--svg-size:70px\" ><svg xmlns=\"http:\/\/www.w3.org\/2000\/svg\" xmlns:xlink=\"http:\/\/www.w3.org\/1999\/xlink\" id=\"Capa_1\" x=\"0px\" y=\"0px\" viewbox=\"0 0 480 480\" style=\"enable-background:new 0 0 480 480;\" xml:space=\"preserve\"><g>\t<g>\t\t<rect x=\"40\" y=\"216\" width=\"16\" height=\"64\"><\/rect>\t<\/g><\/g><g>\t<g>\t\t<rect x=\"80\" y=\"216\" width=\"16\" height=\"64\"><\/rect>\t<\/g><\/g><g>\t<g>\t\t<rect x=\"120\" y=\"216\" width=\"16\" height=\"64\"><\/rect>\t<\/g><\/g><g>\t<g>\t\t<rect x=\"160\" y=\"216\" width=\"16\" height=\"64\"><\/rect>\t<\/g><\/g><g>\t<g>\t\t<rect x=\"200\" y=\"216\" width=\"16\" height=\"64\"><\/rect>\t<\/g><\/g><g>\t<g>\t\t<path d=\"M248.004,352c-0.001,0-0.003,0-0.004,0H8c-4.417-0.001-7.999,3.579-8,7.996c0,0.001,0,0.003,0,0.004v112   c-0.001,4.417,3.579,7.999,7.996,8c0.001,0,0.003,0,0.004,0h240c4.417,0.001,7.999-3.579,8-7.996c0-0.001,0-0.003,0-0.004V360   C256.001,355.583,252.421,352.001,248.004,352z M240,464H16v-96h224V464z\"><\/path>\t<\/g><\/g><g>\t<g>\t\t<rect x=\"40\" y=\"384\" width=\"16\" height=\"64\"><\/rect>\t<\/g><\/g><g>\t<g>\t\t<rect x=\"80\" y=\"384\" width=\"16\" height=\"64\"><\/rect>\t<\/g><\/g><g>\t<g>\t\t<rect x=\"120\" y=\"384\" width=\"16\" height=\"64\"><\/rect>\t<\/g><\/g><g>\t<g>\t\t<rect x=\"160\" y=\"384\" width=\"16\" height=\"64\"><\/rect>\t<\/g><\/g><g>\t<g>\t\t<rect x=\"200\" y=\"384\" width=\"16\" height=\"64\"><\/rect>\t<\/g><\/g><g>\t<g>\t\t<path d=\"M472.004,208c-0.001,0-0.003,0-0.004,0h-32V73.795c17.625-13.212,21.202-38.21,7.99-55.835   c-13.212-17.625-38.21-21.202-55.835-7.99c-9.282,6.958-15.075,17.612-15.868,29.185L160,16.781V8   c0.001-4.417-3.579-7.999-7.996-8c-0.001,0-0.003,0-0.004,0h-48c-4.417-0.001-7.999,3.579-8,7.996C96,7.997,96,7.999,96,8v40   c-0.001,4.417,3.579,7.999,7.996,8c0.001,0,0.003,0,0.004,0h16v24c-0.001,4.417,3.579,7.999,7.996,8c0.001,0,0.003,0,0.004,0h4   c11.046,0,20,8.954,20,20s-8.954,20-20,20s-20-8.954-20-20H96c0.038,11.007,5.136,21.385,13.825,28.143L14.109,184H8   c-4.417-0.001-7.999,3.579-8,7.996c0,0.001,0,0.003,0,0.004v112c-0.001,4.417,3.579,7.999,7.996,8c0.001,0,0.003,0,0.004,0h240   c4.417,0.001,7.999-3.579,8-7.996c0-0.001,0-0.003,0-0.004V192c0.001-4.417-3.579-7.999-7.996-8c-0.001,0-0.003,0-0.004,0h-13.977   l-83.805-45.126c17.112-9.997,22.879-31.972,12.882-49.084c-5.738-9.821-15.792-16.341-27.1-17.572V56h16   c4.417,0.001,7.999-3.579,8-7.996c0-0.001,0-0.003,0-0.004V32.874l218.503,22.604c2.629,7.285,7.318,13.649,13.497,18.318V208h-72   c-4.417-0.001-7.999,3.579-8,7.996c0,0.001,0,0.003,0,0.004v112h-16c-4.417-0.001-7.999,3.579-8,7.996c0,0.001,0,0.003,0,0.004   v136c-0.001,4.417,3.579,7.999,7.996,8c0.001,0,0.003,0,0.004,0h176c4.417,0.001,7.999-3.579,8-7.996c0-0.001,0-0.003,0-0.004V216   C480.001,211.583,476.421,208.001,472.004,208z M240,200v96H16v-96H240z M200.263,184H49.892l77.972-38.984L200.263,184z M144,40   h-32V16h32V40z M416,18c13.255,0,24,10.745,24,24s-10.745,24-24,24s-24-10.745-24-24C392.014,28.751,402.751,18.014,416,18z    M432,257.082l26.648,22.207L432,297.053V257.082z M458.648,351.289L432,369.053v-39.97L458.648,351.289z M458.648,423.289   L432,441.053v-39.97L458.648,423.289z M416,464H304V344h112V464z M416,328h-88V224h88V328z M424,208h-16V81.191   c5.279,1.078,10.721,1.078,16,0V208z M464,464h-32v-3.719l32-21.333V464z M464,406.917l-26.648-22.207L464,366.947V406.917z    M464,334.917l-26.648-22.207L464,294.947V334.917z M464,262.917l-32-26.667V224h32V262.917z\"><\/path>\t<\/g><\/g><g>\t<g>\t\t<path d=\"M416,30c-6.627,0-12,5.373-12,12c0.007,6.624,5.376,11.993,12,12c6.627,0,12-5.373,12-12S422.627,30,416,30z M416,46   c-2.209,0-4-1.791-4-4c0.003-2.208,1.792-3.997,4-4c2.209,0,4,1.791,4,4S418.209,46,416,46z\"><\/path>\t<\/g><\/g><g><\/g><g><\/g><g><\/g><g><\/g><g><\/g><g><\/g><g><\/g><g><\/g><g><\/g><g><\/g><g><\/g><g><\/g><g><\/g><g><\/g><g><\/g><\/svg><\/div>   \n        \t\t<div class=\"flex-basic flex-smobile-full\">\n\t\t\t<div class=\"cms-desc empty-none font-700 text-heading mt-n7 pb-30 pr-50 pr-tablet-0\">Der Schwerpunkt liegt auf einem individuellen Ansatz und konzeptionellen L\u00f6sungen f\u00fcr die Anforderungen unserer Kunden. Die Frage der Qualit\u00e4t und Zuverl\u00e4ssigkeit der angebotenen Dienstleistungen steht f\u00fcr uns immer an erster Stelle. Um diese Ziele zu erreichen, nutzen wir unser Know-how und die langj\u00e4hrige Erfahrung unserer Mitarbeiter in diesem Bereich.<\/div>\n\t\t\t<div class=\"cms-desc2 empty-none text-body mt-n7 pr-50 pr-tablet-0\">Zu den langfristigen Zielen geh\u00f6rt vorrangig der Aufbau korrekter und solider Gesch\u00e4ftsbeziehungen zu unseren Kunden, zu denen vor allem Unternehmen aus dem Energie- und Schwerindustriebereich z\u00e4hlen.<br \/>\n<br \/>\n<\/div>\n\t\t\t<div class=\"cms-heading-buttons d-flex gap-30 pt-40 align-items-center justify-content-start\">        <a class=\"btn-lg cms-hover-move-icon-right btn btn-primary text-white btn-hover-accent text-hover-white\" href=\"https:\/\/www.godtrans.cz\/de\/dienstleistungen\/\" title=\"Unsere Dienstleistungen\">Unsere Dienstleistungen<span class=\"cms-svg-icon lh-0 text-12 rtl-flip empty-none\"><svg viewbox=\"0 0 39 32\" xmlns=\"http:\/\/www.w3.org\/2000\/svg\">\n<path d=\"M28.893 19.224h-28.893v-6.418h28.893v6.418zM28.893 19.224l-8.924 8.668c-0.933 0.948-0.925 2.475 0.023 3.408 0.143 0.143 0.308 0.263 0.482 0.369 0.248 0.158 0.519 0.286 0.805 0.369h2.332c0.512-0.15 0.971-0.421 1.347-0.79l12.776-13.438c0.188-0.203 0.339-0.436 0.451-0.685 0.241-0.361 0.369-0.775 0.384-1.204-0.053-1.008-0.677-1.896-1.603-2.287l-12.001-12.618c-1.219-1.174-3.085-1.347-4.492-0.414-1.151 0.67-1.542 2.144-0.873 3.288 0.105 0.173 0.226 0.339 0.369 0.482l8.924 8.442z\"><\/path>\n<path d=\"M28.893 19.224h-28.893v-6.418h28.893v6.418zM28.893 19.224l-8.924 8.668c-0.933 0.948-0.925 2.475 0.023 3.408 0.143 0.143 0.308 0.263 0.482 0.369 0.248 0.158 0.519 0.286 0.805 0.369h2.332c0.512-0.15 0.971-0.421 1.347-0.79l12.776-13.438c0.188-0.203 0.339-0.436 0.451-0.685 0.241-0.361 0.369-0.775 0.384-1.204-0.053-1.008-0.677-1.896-1.603-2.287l-12.001-12.618c-1.219-1.174-3.085-1.347-4.492-0.414-1.151 0.67-1.542 2.144-0.873 3.288 0.105 0.173 0.226 0.339 0.369 0.482l8.924 8.442z\"><\/path>\n<\/svg>\n<\/span><\/a>\n    \t\t\t\t<div class=\"cms-signature d-flex gap-20 align-items-center text-nowrap justify-content-start relative\">\n\t\t\t\t\t\t\t\t\t\t<div class=\"stext flex-auto relative\">\n\t\t\t\t\t\t\t\t\t\t\t\t<div class=\"cms--signature absolute center-left\">\n\t\t\t\t\t\t\t<div class=\"sname cms-heading text-19 font-500\"><\/div>\n\t\t\t\t\t\t\t<div class=\"sposition text-14 text-accent\"><\/div>\n\t\t\t\t\t\t<\/div>\n\t\t\t\t\t<\/div>\n\t\t\t\t<\/div>\n\t\t\t<\/div>\n\t\t<\/div>\n\t<\/div>\n<\/div>\t\t\t\t<\/div>\n\t\t\t\t<\/div>\n\t\t\t\t<\/div>\r\n\t\t\t\t\t<\/div>\r\n\t\t\t\t<\/div>\r\n\t\t\t\t<\/div>","protected":false},"excerpt":{"rendered":"<p>Spolehlivost Jistota Tradice Specialist\u00e9 na dopravu v \u010cR i mezin\u00e1rodn\u00ed logistiku po cel\u00e9m sv\u011bt\u011b. Zaji\u0161\u0165ujeme spolehliv\u00e9 spedi\u010dn\u00ed slu\u017eby pro Evropu i z\u00e1mo\u0159sk\u00e9 dod\u00e1vky na kl\u00ed\u010d. D\u016fraz je kladen na individu\u00e1ln\u00ed p\u0159\u00edstup a koncep\u010dn\u00ed \u0159e\u0161en\u00ed po\u017eadavk\u016f na\u0161ich z\u00e1kazn\u00edk\u016f. Ot\u00e1zka kvality a spolehlivosti poskytovan\u00fdch slu\u017eeb stoj\u00ed pro n\u00e1s v\u017edy na prvn\u00edm m\u00edst\u011b. Pro dosa\u017een\u00ed t\u011bchto c\u00edl\u016f vyu\u017e\u00edv\u00e1me [&hellip;]<\/p>","protected":false},"author":2,"featured_media":0,"parent":0,"menu_order":2,"comment_status":"closed","ping_status":"closed","template":"","meta":{"footnotes":""},"class_list":["post-727","page","type-page","status-publish","hentry"],"_links":{"self":[{"href":"https:\/\/www.godtrans.cz\/de\/wp-json\/wp\/v2\/pages\/727","targetHints":{"allow":["GET"]}}],"collection":[{"href":"https:\/\/www.godtrans.cz\/de\/wp-json\/wp\/v2\/pages"}],"about":[{"href":"https:\/\/www.godtrans.cz\/de\/wp-json\/wp\/v2\/types\/page"}],"author":[{"embeddable":true,"href":"https:\/\/www.godtrans.cz\/de\/wp-json\/wp\/v2\/users\/2"}],"replies":[{"embeddable":true,"href":"https:\/\/www.godtrans.cz\/de\/wp-json\/wp\/v2\/comments?post=727"}],"version-history":[{"count":13,"href":"https:\/\/www.godtrans.cz\/de\/wp-json\/wp\/v2\/pages\/727\/revisions"}],"predecessor-version":[{"id":2099,"href":"https:\/\/www.godtrans.cz\/de\/wp-json\/wp\/v2\/pages\/727\/revisions\/2099"}],"wp:attachment":[{"href":"https:\/\/www.godtrans.cz\/de\/wp-json\/wp\/v2\/media?parent=727"}],"curies":[{"name":"wp","href":"https:\/\/api.w.org\/{rel}","templated":true}]}}