{"id":729,"date":"2025-09-15T08:46:30","date_gmt":"2025-09-15T08:46:30","guid":{"rendered":"https:\/\/gtrans.hst.dataroom.cz\/?page_id=729"},"modified":"2025-10-17T13:02:44","modified_gmt":"2025-10-17T13:02:44","slug":"o-nas","status":"publish","type":"page","link":"https:\/\/www.godtrans.cz\/de\/uber-uns\/","title":{"rendered":"\u00dcber uns"},"content":{"rendered":"<div data-elementor-type=\"wp-page\" data-elementor-id=\"729\" class=\"elementor elementor-729\">\n\t\t\t\t<div class=\"elementor-element elementor-element-bae708e pt-30 pb-90 p-tb-tablet-40 e-flex e-con-boxed cms-econ-no-space-no e-con e-parent\" data-id=\"bae708e\" data-element_type=\"container\" data-e-type=\"container\">\r\n\t\t\t\t\t<div class=\"e-con-inner\">\r\n\t\t<div class=\"elementor-element elementor-element-3520ecd e-con-full e-flex cms-econ-no-space-no elementor-invisible e-con e-child\" data-id=\"3520ecd\" data-element_type=\"container\" data-e-type=\"container\" data-settings=\"{&quot;animation&quot;:&quot;fadeInLeft&quot;}\">\r\n\t\t\t\t<div class=\"elementor-element elementor-element-1a9bb52 nosign elementor-widget elementor-widget-cms_heading\" data-id=\"1a9bb52\" data-element_type=\"widget\" data-e-type=\"widget\" data-widget_type=\"cms_heading.default\">\n\t\t\t\t<div class=\"elementor-widget-container\">\n\t\t\t\t\t<div class=\"cms-eheading cms-eheading-5 text-start relative\">\n\t<div class=\"absolute top-left pt-130 ml-n60 ml-tablet-n20 z-behind rtl-flip\"><div class=\"cms-moving cms-moving-1\" data-parallax='{\"y\":300,\"smoothness\":30,\"scale\":1}'><\/div><\/div>\n\t<div class=\"cms-smallheading text-accent pb-15 mt-n7 text-16 font-700 empty-none\">Godtrans, Praha spol. s r.o.<\/div>\n\t<h2 class=\"cms-heading empty-none text-heading mt-n8 lh-1375\">Godtrans ist ein privates tschechisches Unternehmen, das im Bereich der internationalen Logistik und Spedition t\u00e4tig ist.<\/h2>\n\t<div class=\"cms-desc empty-none pt-25 font-700 text-heading mt-n7\">Wir bieten unseren Kunden einen individuellen Ansatz und zuverl\u00e4ssige Dienstleistungen in den grundlegenden Bereichen der Spedition und Logistik. Zu diesem Zweck haben wir ein Netzwerk ausl\u00e4ndischer Vertragspartner und Spediteure aufgebaut, mit denen wir \u201eschl\u00fcsselfertige\u201c Lieferungen in Europa und \u00dcbersee sicherstellen.<\/div>\n\t<div class=\"cms-desc2 empty-none pt-25 text-body mt-n7\">Wir erbringen unsere Dienstleistungen gem\u00e4\u00df den Allgemeinen Gesch\u00e4ftsbedingungen des Verbandes f\u00fcr Spedition und Logistik der Tschechischen Republik.<\/div>\n\t\t<div class=\"cms-eprogress-bar cms-eprogress-bar-1 pt-30\">\n\t\t\t\t\t<div class=\"cms-progress-bar-wrap\">\n\t\t\t\t\t\t            <div class=\"cms-progress-bar-title text-15 font-700 text-primary-darken pb-10 d-flex justify-content-between no-wrap\" style=\"width:65%\">\n\t\t            \tInternationaler Transport\t\t            \t<span class=\"text-14 text-body\"><span class=\"cms-progress-bar-number\" data-duration=\"2000\" data-delimiter=\"\" data-to-value=\"65\"><\/span>%<\/span>\t\n\t\t            <\/div>\n\t\t\t\t\t\t        <div class=\"cms-progress-wrap\" role=\"progressbar\" aria-valuemin=\"0\" aria-valuemax=\"100\" aria-valuenow=\"65\">\n\t\t            <div class=\"cms-progress-bar bg-secondary\" data-max=\"65\">\n\t\t            \t<span class=\"cms-progress-bar-number\" data-duration=\"2000\" data-delimiter=\"\" data-to-value=\"65\"><\/span>%\n\t\t            <\/div>\n\t\t        <\/div>\n\t        <\/div>\n\t\t\t\t\t<div class=\"cms-progress-bar-wrap\">\n\t\t\t\t\t\t            <div class=\"cms-progress-bar-title text-15 font-700 text-primary-darken pb-10 d-flex justify-content-between no-wrap\" style=\"width:35%\">\n\t\t            \tTransport innerhalb der Tschechischen Republik\t\t            \t<span class=\"text-14 text-body\"><span class=\"cms-progress-bar-number\" data-duration=\"2000\" data-delimiter=\"\" data-to-value=\"35\"><\/span>%<\/span>\t\n\t\t            <\/div>\n\t\t\t\t\t\t        <div class=\"cms-progress-wrap\" role=\"progressbar\" aria-valuemin=\"0\" aria-valuemax=\"100\" aria-valuenow=\"35\">\n\t\t            <div class=\"cms-progress-bar bg-secondary\" data-max=\"35\">\n\t\t            \t<span class=\"cms-progress-bar-number\" data-duration=\"2000\" data-delimiter=\"\" data-to-value=\"35\"><\/span>%\n\t\t            <\/div>\n\t\t        <\/div>\n\t        <\/div>\n\t\t\t<\/div>\n\t<div class=\"cms-heading-buttons d-flex gap-30 pt-40 align-items-center justify-content-start\">        <a class=\"btn-lg cms-hover-move-icon-right btn btn-primary text-white btn-hover-accent text-hover-white\" href=\"https:\/\/www.godtrans.cz\/de\/unsere-vision\/\" title=\"Godtrans Vision\">Godtrans Vision<span class=\"cms-svg-icon lh-0 text-12 rtl-flip empty-none\"><svg viewbox=\"0 0 39 32\" xmlns=\"http:\/\/www.w3.org\/2000\/svg\">\n<path d=\"M28.893 19.224h-28.893v-6.418h28.893v6.418zM28.893 19.224l-8.924 8.668c-0.933 0.948-0.925 2.475 0.023 3.408 0.143 0.143 0.308 0.263 0.482 0.369 0.248 0.158 0.519 0.286 0.805 0.369h2.332c0.512-0.15 0.971-0.421 1.347-0.79l12.776-13.438c0.188-0.203 0.339-0.436 0.451-0.685 0.241-0.361 0.369-0.775 0.384-1.204-0.053-1.008-0.677-1.896-1.603-2.287l-12.001-12.618c-1.219-1.174-3.085-1.347-4.492-0.414-1.151 0.67-1.542 2.144-0.873 3.288 0.105 0.173 0.226 0.339 0.369 0.482l8.924 8.442z\"><\/path>\n<path d=\"M28.893 19.224h-28.893v-6.418h28.893v6.418zM28.893 19.224l-8.924 8.668c-0.933 0.948-0.925 2.475 0.023 3.408 0.143 0.143 0.308 0.263 0.482 0.369 0.248 0.158 0.519 0.286 0.805 0.369h2.332c0.512-0.15 0.971-0.421 1.347-0.79l12.776-13.438c0.188-0.203 0.339-0.436 0.451-0.685 0.241-0.361 0.369-0.775 0.384-1.204-0.053-1.008-0.677-1.896-1.603-2.287l-12.001-12.618c-1.219-1.174-3.085-1.347-4.492-0.414-1.151 0.67-1.542 2.144-0.873 3.288 0.105 0.173 0.226 0.339 0.369 0.482l8.924 8.442z\"><\/path>\n<\/svg>\n<\/span><\/a>\n    \t\t<div class=\"cms-signature d-flex gap-20 align-items-center text-nowrap justify-content-start relative\">\n\t\t\t\t\t\t<div class=\"stext flex-auto relative\">\n\t\t\t\t<img loading=\"lazy\" decoding=\"async\" width=\"170\" height=\"86\" src=\"https:\/\/www.godtrans.cz\/wp-content\/uploads\/elementor\/thumbs\/signature-rb7myw9uls6ox5j1ojp1ykq6kmhds2quyv5erk1exo.webp\" alt=\"signature\" class=\"cms-lazy lazy-loading rtl-flip\" data-settings='{\"_animation\":\"cms-roll-out\"}' \/>\t\t\t\t<div class=\"cms--signature absolute center-left\">\n\t\t\t\t\t<div class=\"sname cms-heading text-19 font-500\">Zden\u011bk Zahr\u00e1dka<\/div>\n\t\t\t\t\t<div class=\"sposition text-14 text-accent\">Spoluzakladatel<\/div>\n\t\t\t\t<\/div>\n\t\t\t<\/div>\n\t\t<\/div>\n\t<\/div>\n<\/div>\t\t\t\t<\/div>\n\t\t\t\t<\/div>\n\t\t\t\t<\/div>\r\n\t\t<div class=\"elementor-element elementor-element-4b005ac e-con-full e-flex cms-econ-no-space-no e-con e-child\" data-id=\"4b005ac\" data-element_type=\"container\" data-e-type=\"container\" id=\"bmotto\">\r\n\t\t\t\t<div class=\"elementor-element elementor-element-f221014 pl-70 pl-tablet-extra-0 cms-sticky elementor-widget elementor-widget-cms_fancy_box\" data-id=\"f221014\" data-element_type=\"widget\" data-e-type=\"widget\" id=\"blbox\" data-widget_type=\"cms_fancy_box.default\">\n\t\t\t\t<div class=\"elementor-widget-container\">\n\t\t\t\t\t<div class=\"cms-fancyboxs-5 relative flex-col-2 flex-col-smobile-1 text-start pl-40 pl-smobile-20 mb-40 pt pt-tablet\" style=\"--pt: 312px;--pt-tablet:150px;\">\n\t<img loading=\"lazy\" decoding=\"async\" width=\"800\" height=\"870\" src=\"https:\/\/www.godtrans.cz\/wp-content\/uploads\/banner-service.webp\" class=\"cms-lazy lazy-loading cms-overlay img-cover elementor-invisible cms-animation cms-roll-out\" alt=\"\" data-duration=\"\" data-settings=\"{&quot;_animation&quot;:&quot;cms-roll-out&quot;}\" srcset=\"https:\/\/www.godtrans.cz\/wp-content\/uploads\/banner-service.webp 800w, https:\/\/www.godtrans.cz\/wp-content\/uploads\/banner-service-768x835.webp 768w\" sizes=\"auto, (max-width: 800px) 100vw, 800px\" \/>\t<div class=\"d-flex cms-translateY-40 relative z-top\">\n\t\t\t\t<div class=\"cms-fancybox cms-fancybox-5 hover-icon-bounce cms-transition pt-40 p-lr-40 divider divider-left divider-accent min-w bg-primary\" style=\"--min-w:226px;\">\n\t\t\t\t\t\t<div class=\"cms-title cms-heading text-19 font-500 lh-142 text-white mt-n5\"><span class=\"umoto\">Unsere St\u00e4rke im internationalen Transportwesen<\/span><br \/>\n<span class=\"unahore\">&bdquo;<\/span>Individuelle Betreuung. Zuverl\u00e4ssigkeit. Globale Reichweite.<span class=\"udole\">&ldquo;<\/span><\/div>\n\t\t    <div class=\"cms-desc text-white text-15 pt-15 mb-n7 pb-15\"><\/div>\n\t\t\t        <a class=\"bg-white text-primary bg-hover-white text-hover-accent box-32x40\" href=\"https:\/\/www.godtrans.cz\/de\/dienstleistungen\/\" title=\"Read More\"><span class=\"cms-svg-icon lh-0 text-12 rtl-flip empty-none\"><svg viewbox=\"0 0 39 32\" xmlns=\"http:\/\/www.w3.org\/2000\/svg\">\n<path d=\"M28.893 19.224h-28.893v-6.418h28.893v6.418zM28.893 19.224l-8.924 8.668c-0.933 0.948-0.925 2.475 0.023 3.408 0.143 0.143 0.308 0.263 0.482 0.369 0.248 0.158 0.519 0.286 0.805 0.369h2.332c0.512-0.15 0.971-0.421 1.347-0.79l12.776-13.438c0.188-0.203 0.339-0.436 0.451-0.685 0.241-0.361 0.369-0.775 0.384-1.204-0.053-1.008-0.677-1.896-1.603-2.287l-12.001-12.618c-1.219-1.174-3.085-1.347-4.492-0.414-1.151 0.67-1.542 2.144-0.873 3.288 0.105 0.173 0.226 0.339 0.369 0.482l8.924 8.442z\"><\/path>\n<path d=\"M28.893 19.224h-28.893v-6.418h28.893v6.418zM28.893 19.224l-8.924 8.668c-0.933 0.948-0.925 2.475 0.023 3.408 0.143 0.143 0.308 0.263 0.482 0.369 0.248 0.158 0.519 0.286 0.805 0.369h2.332c0.512-0.15 0.971-0.421 1.347-0.79l12.776-13.438c0.188-0.203 0.339-0.436 0.451-0.685 0.241-0.361 0.369-0.775 0.384-1.204-0.053-1.008-0.677-1.896-1.603-2.287l-12.001-12.618c-1.219-1.174-3.085-1.347-4.492-0.414-1.151 0.67-1.542 2.144-0.873 3.288 0.105 0.173 0.226 0.339 0.369 0.482l8.924 8.442z\"><\/path>\n<\/svg>\n<\/span><\/a>\n    \t\t<\/div>\n\t\t\t<\/div>\n<\/div>\n\t\t\t\t<\/div>\n\t\t\t\t<\/div>\n\t\t\t\t<\/div>\r\n\t\t\t\t\t<\/div>\r\n\t\t\t\t<\/div>\r\n\t\t\t\t<\/div>","protected":false},"excerpt":{"rendered":"<p>Lorem ipsum dolor sit amet, consectetur adipiscing elit. <\/p>","protected":false},"author":2,"featured_media":0,"parent":0,"menu_order":1,"comment_status":"closed","ping_status":"closed","template":"","meta":{"footnotes":""},"class_list":["post-729","page","type-page","status-publish","hentry"],"_links":{"self":[{"href":"https:\/\/www.godtrans.cz\/de\/wp-json\/wp\/v2\/pages\/729","targetHints":{"allow":["GET"]}}],"collection":[{"href":"https:\/\/www.godtrans.cz\/de\/wp-json\/wp\/v2\/pages"}],"about":[{"href":"https:\/\/www.godtrans.cz\/de\/wp-json\/wp\/v2\/types\/page"}],"author":[{"embeddable":true,"href":"https:\/\/www.godtrans.cz\/de\/wp-json\/wp\/v2\/users\/2"}],"replies":[{"embeddable":true,"href":"https:\/\/www.godtrans.cz\/de\/wp-json\/wp\/v2\/comments?post=729"}],"version-history":[{"count":52,"href":"https:\/\/www.godtrans.cz\/de\/wp-json\/wp\/v2\/pages\/729\/revisions"}],"predecessor-version":[{"id":2054,"href":"https:\/\/www.godtrans.cz\/de\/wp-json\/wp\/v2\/pages\/729\/revisions\/2054"}],"wp:attachment":[{"href":"https:\/\/www.godtrans.cz\/de\/wp-json\/wp\/v2\/media?parent=729"}],"curies":[{"name":"wp","href":"https:\/\/api.w.org\/{rel}","templated":true}]}}